{"id":1734,"date":"2023-07-21T11:43:16","date_gmt":"2023-07-21T09:43:16","guid":{"rendered":"https:\/\/www.magis.it\/chi-siamo\/"},"modified":"2025-01-14T17:41:09","modified_gmt":"2025-01-14T16:41:09","slug":"chi-siamo","status":"publish","type":"page","link":"http:\/\/www.magis.it\/it\/chi-siamo\/","title":{"rendered":"Chi siamo"},"content":{"rendered":"<section  class=\"section-hero-slider\" >\r\n    <div class=\"swiper\">\r\n        <div class=\"swiper-wrapper\">\r\n                                                <div class=\"swiper-slide\">\r\n                        <div class=\"hero-slide big\">\r\n                                                                                        <div class=\"overlay-img d-none d-lg-block\" style=\"background-image: url(http:\/\/www.magis.it\/wp-content\/uploads\/2023\/08\/IMG_4290-3-1-1.jpg);\"><\/div>\r\n                                <div class=\"overlay-img d-block d-lg-none\" style=\"background-image: url('http:\/\/www.magis.it\/wp-content\/uploads\/2023\/08\/IMG_4290-3-1-1.jpg');\"><\/div>\r\n                                                        <div class=\"overlay-color\"><\/div>\r\n                            <div class=\"container\">\r\n                                <div class=\"row justify-content-center\">\r\n                                    <div class=\"col-12 col-md-8 col-lg-10 col-height position-relative d-flex justify-content-center\">\r\n                                        <div class=\"text-white titlebtn text-center text-lg-start\">\r\n                                            <h1 class=\"title-hero-section-extra-big text-uppercase m-0 mb-lg-30 mb-xl-50 magis-animate magis-animation-slide-up magis-animate-slider\">Un&#8217;eccellenza tecnologica italiana<\/h1>\r\n                                                                                    <\/div>\r\n                                        <div class=\"text text-center text-white\">\r\n                                                                                        <p class=\"text-normal-regular m-0 magis-animate magis-animation-slide-up magis-animate-slider magis-animation-delay-100\">Quarant&#8217;anni di successi e crescita continua<\/p>\r\n                                        <\/div>\r\n                                    <\/div>\r\n                                <\/div>\r\n                            <\/div>\r\n                        <\/div>\r\n                    <\/div>\r\n                  \r\n                    <\/div>\r\n        <div class=\"d-none d-md-block\">\r\n            <div class=\"swiper-btn-next\">\r\n                <img decoding=\"async\" class=\"img-fluid\" src=\"http:\/\/www.magis.it\/wp-content\/themes\/magis\/images\/arrow-white-right.svg\" alt=\"Click\">\r\n            <\/div>\r\n            <div class=\"swiper-btn-prev\">\r\n                <img decoding=\"async\" class=\"img-fluid\" src=\"http:\/\/www.magis.it\/wp-content\/themes\/magis\/images\/arrow-white-left.svg\" alt=\"Click\">\r\n            <\/div>\r\n        <\/div>\r\n            <\/div>\r\n<\/section>\n\n<section  class=\"section-title-text bg-white\" >\r\n    <div class=\"container\">\r\n        <div class=\"row justify-content-center\">\r\n            <div class=\"col col-md-9\">\r\n                                <div class=\"text-center\">\r\n                    <h1 class=\"title-section-small text-secondary magis-animate magis-animation-slide-up\">La gamma Magis \u00e8 stata progettata per offrire soluzioni avanzate in tutti i settori dei nastri adesivi.<\/h2>\r\n                    <div class=\"mt-40 text-normal-regular text-dark magis-animate magis-animation-slide-up magis-animation-delay-50\"><p>Magis \u00e8 leader nella produzione di nastri adesivi da oltre 40 anni. La nostra azienda, con sede in Italia, \u00e8 sinonimo di qualit\u00e0, innovazione e sostenibilit\u00e0 nel <strong>settore degli imballaggi<\/strong>. Specializzati nella <a href=\"https:\/\/www.magis.it\/it\/prodotti\/\">produzione di nastri adesivi<\/a> per imballaggio e nastri da mascheratura, ci impegniamo a offrire soluzioni personalizzate per soddisfare le esigenze specifiche dei nostri clienti.<\/p>\n<p>Con sede a Cerreto Guidi (Firenze) in Toscana, siamo leader in Italia nella progettazione, <strong>produzione e commercializzazione di nastri adesivi personalizzati <\/strong><a href=\"https:\/\/www.magis.it\/it\/tecnologia\/\">realizzati con la tecnologia\u00a0\u00absandwich\u00bb<\/a>, una tecnica innovativa di origine statunitense, ma anche di sistemi di chiusura per pannolini monouso e prodotti per l\u2019incontinenza adulta.<\/p>\n<p style=\"text-align: left\">Fondata nel 1983 da Marco Marzi, attuale Presidente e Responsabile della Ricerca e Sviluppo, Magis vanta oltre 40 anni di esperienza e una comprovata competenza nel settore dei nastri adesivi, distinguendosi per il suo approccio orientato a una struttura produttiva flessibile e per l\u2019<strong>impegno costante nelle attivit\u00e0 di ricerca e sviluppo<\/strong>, attraverso investimenti specifici su macchinari di ultima generazione e prodotti ecosostenibili, con focus su nastri in carta e da materiali riciclati.<\/p>\n<p>In Magis crediamo fermamente nell&#8217;importanza della sostenibilit\u00e0 ambientale. Per questo, produciamo <a href=\"https:\/\/www.magis.it\/it\/nastri-in-carta\/\">nastri adesivi ecologici<\/a>, realizzati con carta riciclata e certificata FSC, ma pensiamo anche al <a href=\"https:\/\/www.magis.it\/it\/tapes\/ecohit19\/\">riciclo della plastica creando soluzioni apposite<\/a>, contribuendo a un futuro pi\u00f9 verde per tutti. La nostra dedizione alla qualit\u00e0 e all&#8217;innovazione ci ha permesso di crescere e diventare un punto di riferimento nel mercato italiano e internazionale.<\/p>\n<p>Dal dicembre 2022, la Societ\u00e0 \u00e8 quotata al mercato Euronext Growth Milan di Borsa Italiana.<\/p>\n<\/div>\r\n                <\/div>\r\n            <\/div>\r\n        <\/div>\r\n    <\/div>\r\n<\/section>\n\n    <section  class=\"section-yt-video boxed player-modal padding-background\">\r\n        <div class=\"container position-relative magis-animate magis-animation-slide-up\" style=\"background-image: url(http:\/\/www.magis.it\/wp-content\/uploads\/2023\/08\/AC_OOH_22__1_.webp.png)\">\r\n        <div class=\"overlay-color bg\"><\/div>\r\n            <div class=\"row justify-content-center\">\r\n                <div class=\"col-12 col-lg-10\">\r\n                    <div class=\"position-relative text-center cursor-follow-container overflow-hidden magis-animate magis-animation-slide-up magis-animation-delay-50\">\r\n                        <img decoding=\"async\" src=\"http:\/\/www.magis.it\/wp-content\/uploads\/2023\/08\/AC_OOH_22__1_.webp.png\" \r\n                            alt=\"\" class=\"w-100 d-none d-lg-block\">\r\n                        <img decoding=\"async\" src=\"http:\/\/www.magis.it\/wp-content\/uploads\/2023\/08\/AC_OOH_22__1_.webp-343x440.png\" \r\n                            alt=\"\" class=\"w-100 d-lg-none\">\r\n                        <div class=\"overlay-color\"><\/div>\r\n                                                <div data-video-id=\"-cPpKokoXzA\" class=\"play-ellipse d-flex justify-content-center align-items-center z-1\">\r\n                            <span class=\"m-0 text-normal-medium\">PLAY<\/span>\r\n                        <\/div>\r\n                        <div class=\"inline-player-container d-none\"><\/div>\r\n                    <\/div>\r\n                <\/div>\r\n            <\/div>\r\n        <\/div>\r\n    <\/section>\r\n\n\n<section  class=\"section-text-scroll bg-primary magis-animate magis-animation-slide-up\" >\r\n    <div class=\"marquee-section\">\r\n        <h2 class=\"text-scroll text-white marquee m-0\">CREARE IL FUTURO &gt; SALVAGUARDARE IL PRESENTE CREARE IL FUTURO &gt; SALVAGUARDARE IL PRESENTE<\/h2>\r\n        <h2 class=\"text-scroll text-white marquee marquee2 m-0\">CREARE IL FUTURO &gt; SALVAGUARDARE IL PRESENTE CREARE IL FUTURO &gt; SALVAGUARDARE IL PRESENTE<\/h2>\r\n    <\/div>\r\n<\/section>\n\n<section  class=\"section-title-text-img\" >\r\n    <div class=\"container\">\r\n        <div class=\"row align-items-lg-center justify-content-lg-between\">\r\n            <div class=\"col-12 col-lg-7 text-secondary\">\r\n                <h1 class=\"title-section-min mb-35 magis-animate magis-animation-slide-up\">Il percorso verso un futuro pi\u00f9 sostenibile \u00e8 tracciato.<\/h1>\r\n                <div class=\"text-normal-regular magis-animate magis-animation-slide-up magis-animation-delay-50\"><p>Il cambiamento climatico \u00e8 la sfida pi\u00f9 urgente e complessa che la nostra societ\u00e0 deve affrontare. Decenni di inazione e compiacenza comportano ora implicazioni irreversibili. Fortunatamente, l&#8217;inquinante pi\u00f9 abbondante del nostro pianeta pu\u00f2 anche essere il suo pi\u00f9 grande alleato.<\/p>\n<p>Fin dall&#8217;inizio, la filosofia aziendale di Magis si \u00e8 basata sul rispetto dell&#8217;ambiente. Gli investimenti degli ultimi anni si sono concentrati su nuove tecnologie a basso impatto ambientale, puntando sull&#8217;utilizzo di energie rinnovabili. I nostri impianti fotovoltaici coprono attualmente il 30% del nostro fabbisogno energetico totale.<\/p>\n<\/div>\r\n                <div class=\"mt-40 magis-animate magis-animation-slide-up magis-animation-delay-100\">\r\n                                                <a href=\"http:\/\/www.magis.it\/it\/sostenibilita\/\" class=\"text-decoration-none\" \r\n                                target=\"\" >\r\n                                <div class=\"btn btn-sm bg-secondary text\">\r\n                                    <p class=\"m-0 text-light text-normal-medium\">Scopri il nostro programma di sostenibilit\u00e0<\/p>\r\n                                <\/div>\r\n                            <\/a>\r\n                                        <\/div>\r\n            <\/div>\r\n            <div class=\"col-12 col-lg-4 text-center text-lg-end mt-40 mt-lg-0\">\r\n                                                                            <div class=\"position-relative d-inline-block mt-20 ms-md-20 ms-lg-0 magis-animate magis-animation-slide-up magis-animation-delay-50\">\r\n                            <img decoding=\"async\" src=\"http:\/\/www.magis.it\/wp-content\/uploads\/2023\/08\/image_373.png-1.jpg\" alt=\"img-fluid\">\r\n                            <div class=\"overlay-color\"><\/div>\r\n                        <\/div> \r\n                                            <div class=\"position-relative d-inline-block mt-20 ms-md-20 ms-lg-0 magis-animate magis-animation-slide-up magis-animation-delay-100\">\r\n                            <img decoding=\"async\" src=\"http:\/\/www.magis.it\/wp-content\/uploads\/2023\/08\/SRD02200_1.jpg.jpg\" alt=\"img-fluid\">\r\n                            <div class=\"overlay-color\"><\/div>\r\n                        <\/div> \r\n                                                <\/div>\r\n        <\/div>\r\n    <\/div>\r\n<\/section>\n\n<section  class=\"section-number bg-primary\" >\r\n   <div class=\"container\">\r\n        <div class=\"row justify-content-center text-center\">\r\n                                                <div class=\"col-12 col-lg-4 text-white mb-25 mb-lg-0 magis-animate magis-animation-slide-up\">\r\n                        <span class=\"number number-count\" data-target-value=\"400\">0<\/span>\r\n                        <span class=\"number suffix\">+<\/span>\r\n                        <p class=\"text-semi-min-light\">Milioni di mq <br> di nastri prodotti all&#8217;anno<\/p>\r\n                    <\/div>\r\n                                    <div class=\"col-12 col-lg-4 text-white mb-25 mb-lg-0 magis-animate magis-animation-slide-up\">\r\n                        <span class=\"number number-count\" data-target-value=\"30\">0<\/span>\r\n                        <span class=\"number suffix\">+<\/span>\r\n                        <p class=\"text-semi-min-light\">Milioni di mq <br> di sistemi di chiusura all&#8217;anno<\/p>\r\n                    <\/div>\r\n                                    <div class=\"col-12 col-lg-4 text-white mb-25 mb-lg-0 magis-animate magis-animation-slide-up\">\r\n                        <span class=\"number number-count\" data-target-value=\"10\">0<\/span>\r\n                        <span class=\"number suffix\"><\/span>\r\n                        <p class=\"text-semi-min-light\">Licenze (7 per <br> nastri adesivi, 3 per i sistemi di chiusura) <\/p>\r\n                    <\/div>\r\n                                    <\/div>\r\n   <\/div>\r\n<\/section>\n\n<section  class=\"section-images\" >\r\n    <div class=\"container\">\r\n        <div class=\"row\">\r\n                                                                                <div class=\"col-12  col-lg-6 mb-25 magis-animate magis-animation-slide-up magis-animation-delay-100\">\r\n                        <img decoding=\"async\" src=\"http:\/\/www.magis.it\/wp-content\/uploads\/2023\/08\/Image.jpg\" alt=\"\" class=\"img-fluid\">\r\n                    <\/div>\r\n\r\n                                                        <div class=\"col-12  col-lg-6 mb-25 magis-animate magis-animation-slide-up magis-animation-delay-150\">\r\n                        <img decoding=\"async\" src=\"http:\/\/www.magis.it\/wp-content\/uploads\/2023\/08\/IMG_3924-1.jpg\" alt=\"\" class=\"img-fluid\">\r\n                    <\/div>\r\n\r\n                                                        <div class=\"col-12  col-lg-4 mb-25 magis-animate magis-animation-slide-up magis-animation-delay-200\">\r\n                        <img decoding=\"async\" src=\"http:\/\/www.magis.it\/wp-content\/uploads\/2023\/08\/IMG_4148-1.jpg\" alt=\"\" class=\"img-fluid\">\r\n                    <\/div>\r\n\r\n                                                        <div class=\"col-12  col-lg-8 mb-25 magis-animate magis-animation-slide-up magis-animation-delay-250\">\r\n                        <img decoding=\"async\" src=\"http:\/\/www.magis.it\/wp-content\/uploads\/2023\/08\/IMG_4169-1.jpg\" alt=\"\" class=\"img-fluid\">\r\n                    <\/div>\r\n\r\n                                    <\/div>\r\n    <\/div>\r\n<\/section>\n\n<section  class=\"section-title-text-2\" >\r\n    <div class=\"container\">\r\n        <div class=\"row\">\r\n            <div class=\"col-12 col-lg-4 text-center text-lg-start mb-30 mb-lg-0\">\r\n                <p class=\"eyelet text-primary magis-animate magis-animation-slide-up\">Ricerca e <br> Sviluppo<\/p>\r\n            <\/div>\r\n            <div class=\"col-12 col-lg-8\">\r\n                <div class=\"text-normal-regular text-dark mb-40 magis-animate magis-animation-slide-up magis-animation-delay-50\">\r\n                    <p>Il team di ricerca e sviluppo si interfaccia costantemente con i clienti stessi, per creare prodotti altamente personalizzati, soddisfacendo cos\u00ec le esigenze del cliente, quelle di Magis e quelle dell&#8217;utente finale.<br \/>\nIl team QC esegue controlli approfonditi delle materie prime in ingresso e dei prodotti finiti in uscita dal nostro stabilimento, offrendo ai nostri partner non solo un prodotto, ma anche una garanzia di qualit\u00e0 impeccabile.<\/p>\n<p>La base del nostro successo \u00e8 il lavoro costante del nostro laboratorio avanzato, dove personale altamente qualificato e specializzato si impegna per offrire ai nostri clienti prodotti innovativi.<\/p>\n                <\/div>\r\n                <div class=\"text-center text-lg-start magis-animate magis-animation-slide-up magis-animation-delay-100\">\r\n                                                                                    <a href=\"http:\/\/www.magis.it\/it\/tecnologia\/\" class=\"text-decoration-none btn btn-sm bg-secondary text-normal-medium text-white\">\r\n                            Scopri la nostra area di ricerca e sviluppo                        <\/a>\r\n                                    <\/div>\r\n            <\/div>\r\n        <\/div>\r\n    <\/div>\r\n<\/section>","protected":false},"excerpt":{"rendered":"","protected":false},"author":1,"featured_media":0,"parent":0,"menu_order":0,"comment_status":"closed","ping_status":"closed","template":"","meta":{"_acf_changed":false,"footnotes":""},"class_list":["post-1734","page","type-page","status-publish","hentry"],"acf":[],"yoast_head":"<!-- This site is optimized with the Yoast SEO plugin v27.4 - https:\/\/yoast.com\/product\/yoast-seo-wordpress\/ -->\n<title>Produzione di Nastri Adesivi - Magis<\/title>\n<meta name=\"description\" content=\"Progettazione, produzione e commercializzazione di nastri adesivi professionali. Ci distinguiamo per un impegno costante nell&#039;attivit\u00e0 di ricerca e sviluppo.\" \/>\n<meta name=\"robots\" content=\"index, follow, max-snippet:-1, max-image-preview:large, max-video-preview:-1\" \/>\n<link rel=\"canonical\" href=\"http:\/\/www.magis.it\/it\/chi-siamo\/\" \/>\n<meta property=\"og:locale\" content=\"it_IT\" \/>\n<meta property=\"og:type\" content=\"article\" \/>\n<meta property=\"og:title\" content=\"Produzione di Nastri Adesivi - Magis\" \/>\n<meta property=\"og:description\" content=\"Progettazione, produzione e commercializzazione di nastri adesivi professionali. Ci distinguiamo per un impegno costante nell&#039;attivit\u00e0 di ricerca e sviluppo.\" \/>\n<meta property=\"og:url\" content=\"http:\/\/www.magis.it\/it\/chi-siamo\/\" \/>\n<meta property=\"og:site_name\" content=\"MAGIS S.p.A.\" \/>\n<meta property=\"article:modified_time\" content=\"2025-01-14T16:41:09+00:00\" \/>\n<meta name=\"twitter:card\" content=\"summary_large_image\" \/>\n<script type=\"application\/ld+json\" class=\"yoast-schema-graph\">{\"@context\":\"https:\\\/\\\/schema.org\",\"@graph\":[{\"@type\":\"WebPage\",\"@id\":\"http:\\\/\\\/www.magis.it\\\/it\\\/chi-siamo\\\/\",\"url\":\"http:\\\/\\\/www.magis.it\\\/it\\\/chi-siamo\\\/\",\"name\":\"Produzione di Nastri Adesivi - Magis\",\"isPartOf\":{\"@id\":\"https:\\\/\\\/www.magis.it\\\/it\\\/#website\"},\"datePublished\":\"2023-07-21T09:43:16+00:00\",\"dateModified\":\"2025-01-14T16:41:09+00:00\",\"description\":\"Progettazione, produzione e commercializzazione di nastri adesivi professionali. Ci distinguiamo per un impegno costante nell'attivit\u00e0 di ricerca e sviluppo.\",\"breadcrumb\":{\"@id\":\"http:\\\/\\\/www.magis.it\\\/it\\\/chi-siamo\\\/#breadcrumb\"},\"inLanguage\":\"it-IT\",\"potentialAction\":[{\"@type\":\"ReadAction\",\"target\":[\"http:\\\/\\\/www.magis.it\\\/it\\\/chi-siamo\\\/\"]}]},{\"@type\":\"BreadcrumbList\",\"@id\":\"http:\\\/\\\/www.magis.it\\\/it\\\/chi-siamo\\\/#breadcrumb\",\"itemListElement\":[{\"@type\":\"ListItem\",\"position\":1,\"name\":\"Home\",\"item\":\"https:\\\/\\\/www.magis.it\\\/it\\\/\"},{\"@type\":\"ListItem\",\"position\":2,\"name\":\"Chi siamo\"}]},{\"@type\":\"WebSite\",\"@id\":\"https:\\\/\\\/www.magis.it\\\/it\\\/#website\",\"url\":\"https:\\\/\\\/www.magis.it\\\/it\\\/\",\"name\":\"MAGIS S.p.A.\",\"description\":\"Magis is the leading manufacturer of customized adhesive tapes and closure systems\",\"potentialAction\":[{\"@type\":\"SearchAction\",\"target\":{\"@type\":\"EntryPoint\",\"urlTemplate\":\"https:\\\/\\\/www.magis.it\\\/it\\\/?s={search_term_string}\"},\"query-input\":{\"@type\":\"PropertyValueSpecification\",\"valueRequired\":true,\"valueName\":\"search_term_string\"}}],\"inLanguage\":\"it-IT\"}]}<\/script>\n<!-- \/ Yoast SEO plugin. -->","yoast_head_json":{"title":"Produzione di Nastri Adesivi - Magis","description":"Progettazione, produzione e commercializzazione di nastri adesivi professionali. Ci distinguiamo per un impegno costante nell'attivit\u00e0 di ricerca e sviluppo.","robots":{"index":"index","follow":"follow","max-snippet":"max-snippet:-1","max-image-preview":"max-image-preview:large","max-video-preview":"max-video-preview:-1"},"canonical":"http:\/\/www.magis.it\/it\/chi-siamo\/","og_locale":"it_IT","og_type":"article","og_title":"Produzione di Nastri Adesivi - Magis","og_description":"Progettazione, produzione e commercializzazione di nastri adesivi professionali. Ci distinguiamo per un impegno costante nell'attivit\u00e0 di ricerca e sviluppo.","og_url":"http:\/\/www.magis.it\/it\/chi-siamo\/","og_site_name":"MAGIS S.p.A.","article_modified_time":"2025-01-14T16:41:09+00:00","twitter_card":"summary_large_image","schema":{"@context":"https:\/\/schema.org","@graph":[{"@type":"WebPage","@id":"http:\/\/www.magis.it\/it\/chi-siamo\/","url":"http:\/\/www.magis.it\/it\/chi-siamo\/","name":"Produzione di Nastri Adesivi - Magis","isPartOf":{"@id":"https:\/\/www.magis.it\/it\/#website"},"datePublished":"2023-07-21T09:43:16+00:00","dateModified":"2025-01-14T16:41:09+00:00","description":"Progettazione, produzione e commercializzazione di nastri adesivi professionali. Ci distinguiamo per un impegno costante nell'attivit\u00e0 di ricerca e sviluppo.","breadcrumb":{"@id":"http:\/\/www.magis.it\/it\/chi-siamo\/#breadcrumb"},"inLanguage":"it-IT","potentialAction":[{"@type":"ReadAction","target":["http:\/\/www.magis.it\/it\/chi-siamo\/"]}]},{"@type":"BreadcrumbList","@id":"http:\/\/www.magis.it\/it\/chi-siamo\/#breadcrumb","itemListElement":[{"@type":"ListItem","position":1,"name":"Home","item":"https:\/\/www.magis.it\/it\/"},{"@type":"ListItem","position":2,"name":"Chi siamo"}]},{"@type":"WebSite","@id":"https:\/\/www.magis.it\/it\/#website","url":"https:\/\/www.magis.it\/it\/","name":"MAGIS S.p.A.","description":"Magis is the leading manufacturer of customized adhesive tapes and closure systems","potentialAction":[{"@type":"SearchAction","target":{"@type":"EntryPoint","urlTemplate":"https:\/\/www.magis.it\/it\/?s={search_term_string}"},"query-input":{"@type":"PropertyValueSpecification","valueRequired":true,"valueName":"search_term_string"}}],"inLanguage":"it-IT"}]}},"_links":{"self":[{"href":"http:\/\/www.magis.it\/it\/wp-json\/wp\/v2\/pages\/1734","targetHints":{"allow":["GET"]}}],"collection":[{"href":"http:\/\/www.magis.it\/it\/wp-json\/wp\/v2\/pages"}],"about":[{"href":"http:\/\/www.magis.it\/it\/wp-json\/wp\/v2\/types\/page"}],"author":[{"embeddable":true,"href":"http:\/\/www.magis.it\/it\/wp-json\/wp\/v2\/users\/1"}],"replies":[{"embeddable":true,"href":"http:\/\/www.magis.it\/it\/wp-json\/wp\/v2\/comments?post=1734"}],"version-history":[{"count":3,"href":"http:\/\/www.magis.it\/it\/wp-json\/wp\/v2\/pages\/1734\/revisions"}],"predecessor-version":[{"id":3163,"href":"http:\/\/www.magis.it\/it\/wp-json\/wp\/v2\/pages\/1734\/revisions\/3163"}],"wp:attachment":[{"href":"http:\/\/www.magis.it\/it\/wp-json\/wp\/v2\/media?parent=1734"}],"curies":[{"name":"wp","href":"https:\/\/api.w.org\/{rel}","templated":true}]}}