{"id":1775,"date":"2023-10-16T10:41:02","date_gmt":"2023-10-16T08:41:02","guid":{"rendered":"https:\/\/www.magis.it\/tecnologia\/"},"modified":"2025-01-14T17:45:35","modified_gmt":"2025-01-14T16:45:35","slug":"tecnologia","status":"publish","type":"page","link":"http:\/\/www.magis.it\/it\/tecnologia\/","title":{"rendered":"Tecnologia"},"content":{"rendered":"<section  class=\"section-hero-slider\" >\r\n    <div class=\"swiper\">\r\n        <div class=\"swiper-wrapper\">\r\n                                                <div class=\"swiper-slide\">\r\n                        <div class=\"hero-slide big\">\r\n                                                                                        <div class=\"overlay-video\">\r\n                                    <video autoplay muted loop class=\"d-none d-lg-block\">\r\n                                        <source src=\"http:\/\/www.magis.it\/wp-content\/uploads\/2024\/06\/Magis-rd.mp4\" type=\"video\/mp4\">\r\n                                    <\/video>\r\n                                    <div class=\"overlay-img d-block d-lg-none\" style=\"background-image: url('http:\/\/www.magis.it\/wp-content\/uploads\/2023\/10\/rd-mobile-991x661.jpg');\"><\/div>\r\n                                <\/div>\r\n                                                        <div class=\"overlay-color\"><\/div>\r\n                            <div class=\"container\">\r\n                                <div class=\"row justify-content-center\">\r\n                                    <div class=\"col-12 col-md-8 col-lg-10 col-height position-relative d-flex justify-content-center\">\r\n                                        <div class=\"text-white titlebtn text-center text-lg-start\">\r\n                                            <h1 class=\"title-hero-section-extra-big text-uppercase m-0 mb-lg-30 mb-xl-50 magis-animate magis-animation-slide-up magis-animate-slider\">RICERCA &amp; SVILUPPO<\/h1>\r\n                                                                                    <\/div>\r\n                                        <div class=\"text text-center text-white\">\r\n                                                                                        <p class=\"text-normal-regular m-0 magis-animate magis-animation-slide-up magis-animate-slider magis-animation-delay-100\">Innovazione, qualit\u00e0, integrit\u00e0.<\/p>\r\n                                        <\/div>\r\n                                    <\/div>\r\n                                <\/div>\r\n                            <\/div>\r\n                        <\/div>\r\n                    <\/div>\r\n                  \r\n                    <\/div>\r\n        <div class=\"d-none d-md-block\">\r\n            <div class=\"swiper-btn-next\">\r\n                <img decoding=\"async\" class=\"img-fluid\" src=\"http:\/\/www.magis.it\/wp-content\/themes\/magis\/images\/arrow-white-right.svg\" alt=\"Click\">\r\n            <\/div>\r\n            <div class=\"swiper-btn-prev\">\r\n                <img decoding=\"async\" class=\"img-fluid\" src=\"http:\/\/www.magis.it\/wp-content\/themes\/magis\/images\/arrow-white-left.svg\" alt=\"Click\">\r\n            <\/div>\r\n        <\/div>\r\n            <\/div>\r\n<\/section>\n\n<section  class=\"section-text-scroll bg-primary magis-animate magis-animation-slide-up\" >\r\n    <div class=\"marquee-section\">\r\n        <h2 class=\"text-scroll text-white marquee m-0\">ESPERIENZA E AFFIDABILIT\u00c0 ESPERIENZA E AFFIDABILIT\u00c0 ESPERIENZA E AFFIDABILIT\u00c0<\/h2>\r\n        <h2 class=\"text-scroll text-white marquee marquee2 m-0\">ESPERIENZA E AFFIDABILIT\u00c0 ESPERIENZA E AFFIDABILIT\u00c0 ESPERIENZA E AFFIDABILIT\u00c0<\/h2>\r\n    <\/div>\r\n<\/section>\n\n<section  class=\"section-title-text bg-light\" >\r\n    <div class=\"container\">\r\n        <div class=\"row justify-content-center\">\r\n            <div class=\"col col-md-9\">\r\n                                <div class=\"text-center\">\r\n                    <h1 class=\"title-section-small text-secondary magis-animate magis-animation-slide-up\">Nastri Adesivi Innovativi<\/h2>\r\n                    <div class=\"mt-40 text-normal-regular text-dark magis-animate magis-animation-slide-up magis-animation-delay-50\"><p>Siamo il maggiore produttore in Europa di nastri adesivi stampati su misura. Le nostre tecnologie sono all&#8217;avanguardia e uniche in Italia.<\/p>\n<p><strong>Magis \u00e8 un pioniere in Europa nella stampa protetta di nastri adesivi utilizzando la tecnologia \u00absandwich\u00bb<\/strong>, una tecnologia innovativa di origine statunitense, in cui l\u2019inchiostro si trova tra l\u2019adesivo e il supporto, e tra le prime aziende del settore a realizzare la spalmatura a caldo su polipropilene, una tecnologia all\u2019avanguardia con un minore impatto ambientale. <strong>Oggi la Societ\u00e0 impiega oltre 200 dipendenti nei due impianti di produzione a Cerreto Guidi e Terrafino<\/strong>.<\/p>\n<p>Il core business di Magis \u00e8 incentrato sulla produzione di: <a href=\"https:\/\/www.magis.it\/it\/tapes\/ecohit19\/\">nastri in PET<\/a> e <a href=\"https:\/\/www.magis.it\/it\/tapes\/kh80\/\">carta riciclata<\/a>; <a href=\"https:\/\/www.magis.it\/it\/nastri-bopp\/\">nastri in PPL<\/a>, utilizzati per esigenze logistiche e industriali di base (imballaggi), <a href=\"https:\/\/www.magis.it\/it\/reinforced-tapes\/\">nastri speciali rinforzati<\/a> per scopi industriali specifici (per tubi e congelatori) e <a href=\"https:\/\/www.magis.it\/it\/printable-tapes\/\">nastri stampati su misura<\/a> in base alle richieste dei clienti (loghi stampati), <strong>di cui l\u2019azienda \u00e8 il maggior produttore in Europa<\/strong>.<\/p>\n<p><strong>L\u201980% del business \u00e8 rappresentato dalla produzione di nastri adesivi personalizzati<\/strong> e piane, mentre il restante 20% \u00e8 costituito da sistemi di chiusura commercializzati attraverso il marchio Tigil.<\/p>\n<\/div>\r\n                <\/div>\r\n            <\/div>\r\n        <\/div>\r\n    <\/div>\r\n<\/section>\n\n<section  class=\"section-images\" >\r\n    <div class=\"container\">\r\n        <div class=\"row\">\r\n                                                                                <div class=\"col-12  col-lg-8 mb-25 magis-animate magis-animation-slide-up magis-animation-delay-100\">\r\n                        <img decoding=\"async\" src=\"http:\/\/www.magis.it\/wp-content\/uploads\/2023\/10\/tecnologies-2.jpg\" alt=\"\" class=\"img-fluid\">\r\n                    <\/div>\r\n\r\n                                                        <div class=\"col-12  col-lg-4 mb-25 magis-animate magis-animation-slide-up magis-animation-delay-150\">\r\n                        <img decoding=\"async\" src=\"http:\/\/www.magis.it\/wp-content\/uploads\/2023\/10\/technologies-1.jpeg\" alt=\"\" class=\"img-fluid\">\r\n                    <\/div>\r\n\r\n                                                        <div class=\"col-12  col-lg-6 mb-25 magis-animate magis-animation-slide-up magis-animation-delay-200\">\r\n                        <img decoding=\"async\" src=\"http:\/\/www.magis.it\/wp-content\/uploads\/2023\/10\/tecnologies-3.jpg\" alt=\"\" class=\"img-fluid\">\r\n                    <\/div>\r\n\r\n                                                        <div class=\"col-12  col-lg-6 mb-25 magis-animate magis-animation-slide-up magis-animation-delay-250\">\r\n                        <img decoding=\"async\" src=\"http:\/\/www.magis.it\/wp-content\/uploads\/2023\/10\/tecnologies-4.jpg\" alt=\"\" class=\"img-fluid\">\r\n                    <\/div>\r\n\r\n                                    <\/div>\r\n    <\/div>\r\n<\/section>\n\n<section  class=\"section-text\" >\r\n    <div class=\"container\">\r\n        <div class=\"row justify-content-center\">\r\n            <div class=\"col col-md-9 magis-animate magis-animation-slide-up\">\r\n                <div class=\"text-secondary text-normal-regular\"><p>Il team di Ricerca&amp;Sviluppo si impegna a sperimentare costantemente nuove materie prime e modifiche a entrambe le linee di prodotti, con l&#8217;obiettivo di sviluppare e brevettare le proprie innovazioni. Per l&#8217;approvvigionamento delle materie prime, l&#8217;Azienda si affida a diversi fornitori in Italia e nel resto del mondo, e gestisce l&#8217;intera fase di approvvigionamento attraverso la propria struttura commerciale interna.<\/p>\n<p><strong>Con 10 brevetti sviluppati internamente, di cui 7 nei nastri adesivi e 3 nei sistemi di chiusura, Magis pu\u00f2 vantare, tra i player italiani, il portafoglio prodotti pi\u00f9 ampio e diversificato, che comprende tutte le principali tecnologie adesive, ad eccezione di quella a solvente. <\/strong>\u00c8 l&#8217;unico fornitore di nastri laterali destinati ai sistemi di chiusura. Magis \u00e8 inoltre l&#8217;unico operatore italiano in grado di fornire ai propri clienti un nastro adesivo ecologico denominato &#8220;ecoHIT19&#8221;, realizzato con PET riciclato e coperto da brevetto europeo, nonch\u00e9 la carta 100% riciclata denominata &#8220;KH80&#8221;, con una forte attenzione alla sostenibilit\u00e0 ambientale e alla garanzia di elevati standard qualitativi.<\/p>\n<\/div>  \r\n            <\/div>\r\n        <\/div>\r\n    <\/div>\r\n<\/section>\n\n<section  class=\"section-image-simple boxed\" style=\"\">\r\n    <div class=\"container\">\r\n        <img decoding=\"async\" src=\"http:\/\/www.magis.it\/wp-content\/uploads\/2023\/10\/technologies-magis_2.jpg\" alt=\"\" class=\"img-fluid magis-animate magis-animation-slide-up\">\r\n    <\/div>\r\n<\/section>\n\n<section  class=\"section-title-text-img\" >\r\n    <div class=\"container\">\r\n        <div class=\"row align-items-lg-center justify-content-lg-between\">\r\n            <div class=\"col-12 col-lg-7 text-secondary\">\r\n                <h1 class=\"title-section-min mb-35 magis-animate magis-animation-slide-up\">La qualit\u00e0 che puoi vedere<\/h1>\r\n                <div class=\"text-normal-regular magis-animate magis-animation-slide-up magis-animation-delay-50\"><p><strong>Magis si distingue dalla concorrenza per la qualit\u00e0 fotografica delle sue stampe<\/strong>, grazie ad un reparto grafico altamente qualificato e alle pi\u00f9 recenti tecnologie di produzione con metodi di stampa flessografica), estrema flessibilit\u00e0 e i servizi offerti<\/p>\n<p>La stampa flessografica fino a otto colori pu\u00f2 essere eseguita con il metodo <strong>&#8220;secure print&#8221;<\/strong> (sandwich): la stampa viene protetta tra due strati (il film plastico e la massa adesiva) rimanendo cos\u00ec brillante e priva di graffi e abrasioni.<\/p>\n<p>In casi specifici, come ad esempio su supporto cartaceo, la stampa viene effettuata con il metodo cosiddetto <strong>&#8220;surface-printing&#8221;<\/strong>, in pratica stampando sulla parte superiore (sul lato opposto a quello che verr\u00e0 successivamente adesivizzato).<\/p>\n<p><strong>Magis \u00e8 attenta alle tematiche ESG e ben posizionata per beneficiare del passaggio del settore verso soluzioni sostenibili<\/strong>, tra cui nastri adesivi ecosostenibili e altamente performanti realizzati con bottiglie di plastica riciclate (ecoHIT19), nonch\u00e9 nastri adesivi con supporto di carta riciclata al 100%.<\/p>\n<\/div>\r\n                <div class=\"mt-40 magis-animate magis-animation-slide-up magis-animation-delay-100\">\r\n                                                <a href=\"http:\/\/www.magis.it\/it\/prodotti\/\" class=\"text-decoration-none\" \r\n                                target=\"\" >\r\n                                <div class=\"btn btn-sm bg-secondary text\">\r\n                                    <p class=\"m-0 text-light text-normal-medium\">Scopri i nostri prodotti<\/p>\r\n                                <\/div>\r\n                            <\/a>\r\n                                        <\/div>\r\n            <\/div>\r\n            <div class=\"col-12 col-lg-4 text-center text-lg-end mt-40 mt-lg-0\">\r\n                                                                            <div class=\"position-relative d-inline-block mt-20 ms-md-20 ms-lg-0 magis-animate magis-animation-slide-up magis-animation-delay-50\">\r\n                            <img decoding=\"async\" src=\"http:\/\/www.magis.it\/wp-content\/uploads\/2023\/10\/hi-fi-1-new.jpg\" alt=\"img-fluid\">\r\n                            <div class=\"overlay-color\"><\/div>\r\n                        <\/div> \r\n                                            <div class=\"position-relative d-inline-block mt-20 ms-md-20 ms-lg-0 magis-animate magis-animation-slide-up magis-animation-delay-100\">\r\n                            <img decoding=\"async\" src=\"http:\/\/www.magis.it\/wp-content\/uploads\/2023\/10\/hi-fi-2-new.jpg\" alt=\"img-fluid\">\r\n                            <div class=\"overlay-color\"><\/div>\r\n                        <\/div> \r\n                                                <\/div>\r\n        <\/div>\r\n    <\/div>\r\n<\/section>\n\n<section  class=\"section-question bg-primary\" >\r\n   <div class=\"container\">\r\n        <div class=\"row justify-content-center text-center\">\r\n            <div class=\"col-10\">\r\n                <h1 class=\"title-section-small text-white magis-animate magis-animation-slide-up\">Have you any questions?<\/h1>\r\n                <p class=\"title-min-regular text-white magis-animate magis-animation-slide-up magis-animation-delay-50\">We are here to help!<\/p>\r\n                <div class=\"magis-animate magis-animation-slide-up magis-animation-delay-100\">\r\n                    \n<div class=\"wpcf7 no-js\" id=\"wpcf7-f628-o1\" lang=\"en-US\" dir=\"ltr\" data-wpcf7-id=\"628\">\n<div class=\"screen-reader-response\"><p role=\"status\" aria-live=\"polite\" aria-atomic=\"true\"><\/p> <ul><\/ul><\/div>\n<form action=\"\/it\/wp-json\/wp\/v2\/pages\/1775#wpcf7-f628-o1\" method=\"post\" class=\"wpcf7-form init\" aria-label=\"Contact form\" novalidate=\"novalidate\" data-status=\"init\">\n<fieldset class=\"hidden-fields-container\"><input type=\"hidden\" name=\"_wpcf7\" value=\"628\" \/><input type=\"hidden\" name=\"_wpcf7_version\" value=\"6.1.5\" \/><input type=\"hidden\" name=\"_wpcf7_locale\" value=\"en_US\" \/><input type=\"hidden\" name=\"_wpcf7_unit_tag\" value=\"wpcf7-f628-o1\" \/><input type=\"hidden\" name=\"_wpcf7_container_post\" value=\"0\" \/><input type=\"hidden\" name=\"_wpcf7_posted_data_hash\" value=\"\" \/>\n<\/fieldset>\n<div class=\"contact-form text-start text-white\">\n<label form=\"name\" class=\"form-label\">Name<\/label><span class=\"wpcf7-form-control-wrap\" data-name=\"your-name\"><input size=\"40\" maxlength=\"400\" class=\"wpcf7-form-control wpcf7-text wpcf7-validates-as-required form-control mb-20\" id=\"name\" aria-required=\"true\" aria-invalid=\"false\" value=\"\" type=\"text\" name=\"your-name\" \/><\/span>\n<label form=\"company\" class=\"form-label\">Company<\/label><span class=\"wpcf7-form-control-wrap\" data-name=\"your-company\"><input size=\"40\" maxlength=\"400\" class=\"wpcf7-form-control wpcf7-text wpcf7-validates-as-required form-control mb-20\" id=\"company\" aria-required=\"true\" aria-invalid=\"false\" value=\"\" type=\"text\" name=\"your-company\" \/><\/span>\n<label form=\"type\" class=\"form-label\">Type<\/label><span class=\"wpcf7-form-control-wrap\" data-name=\"your-type\"><input size=\"40\" maxlength=\"400\" class=\"wpcf7-form-control wpcf7-text wpcf7-validates-as-required form-control mb-20\" id=\"type\" aria-required=\"true\" aria-invalid=\"false\" placeholder=\"Client\" value=\"\" type=\"text\" name=\"your-type\" \/><\/span>\n<label form=\"email\" class=\"form-label\">Email<\/label><span class=\"wpcf7-form-control-wrap\" data-name=\"your-email\"><input size=\"40\" maxlength=\"400\" class=\"wpcf7-form-control wpcf7-email wpcf7-validates-as-required wpcf7-text wpcf7-validates-as-email form-control mb-20\" id=\"email\" aria-required=\"true\" aria-invalid=\"false\" placeholder=\"mariorossi@gmail.com\" value=\"\" type=\"email\" name=\"your-email\" \/><\/span>\n<label form=\"tel\" class=\"form-label\">Phone<\/label><span class=\"wpcf7-form-control-wrap\" data-name=\"your-tel\"><input size=\"40\" maxlength=\"400\" class=\"wpcf7-form-control wpcf7-tel wpcf7-validates-as-required wpcf7-text wpcf7-validates-as-tel form-control mb-20\" id=\"tel\" aria-required=\"true\" aria-invalid=\"false\" value=\"\" type=\"tel\" name=\"your-tel\" \/><\/span>\n<label form=\"message\" class=\"form-label\">Message<\/label><span class=\"wpcf7-form-control-wrap\" data-name=\"your-message\"><textarea cols=\"40\" rows=\"10\" maxlength=\"2000\" class=\"wpcf7-form-control wpcf7-textarea wpcf7-validates-as-required form-control mb-20\" id=\"message\" aria-required=\"true\" aria-invalid=\"false\" name=\"your-message\">Your message &#8230;<\/textarea><\/span>\n<span class=\"wpcf7-form-control-wrap\" data-name=\"your-consent\"><span class=\"wpcf7-form-control wpcf7-acceptance\"><span class=\"wpcf7-list-item\"><label><input type=\"checkbox\" name=\"your-consent\" value=\"1\" class=\"form-check-input mb-20\" id=\"privacy-check\" aria-invalid=\"false\" \/><span class=\"wpcf7-list-item-label\"><label class=\"form-check-label\" for=\"privacy-check\"><a href=\"https:\/\/www.magis.it\/wp-content\/uploads\/2024\/08\/Magis_-Privacy-policy.pdf\" target=\"_blank\" class=\"ms-5 text-white\">Privacy policy<\/a><\/label><\/span><\/label><\/span><\/span><\/span>\n<div class=\"text-center\"><input class=\"wpcf7-form-control wpcf7-submit has-spinner btn btn-sm bg-secondary text-white\" type=\"submit\" value=\"Send your request\" \/><\/div>\n<\/div><div class=\"wpcf7-response-output\" aria-hidden=\"true\"><\/div>\n<\/form>\n<\/div>\n                <\/div>\r\n            <\/div>\r\n        <\/div>\r\n   <\/div>\r\n<\/section>","protected":false},"excerpt":{"rendered":"","protected":false},"author":1,"featured_media":0,"parent":0,"menu_order":0,"comment_status":"closed","ping_status":"closed","template":"","meta":{"_acf_changed":false,"footnotes":""},"class_list":["post-1775","page","type-page","status-publish","hentry"],"acf":[],"yoast_head":"<!-- This site is optimized with the Yoast SEO plugin v27.4 - https:\/\/yoast.com\/product\/yoast-seo-wordpress\/ -->\n<title>Nastri Adesivi Innovativi - Magis<\/title>\n<meta name=\"description\" content=\"Siamo il maggiore produttore in Europa di nastri adesivi stampati su misura. Le nostre tecnologie sono all&#039;avanguardia e uniche in Italia.\" \/>\n<meta name=\"robots\" content=\"index, follow, max-snippet:-1, max-image-preview:large, max-video-preview:-1\" \/>\n<link rel=\"canonical\" href=\"http:\/\/www.magis.it\/it\/tecnologia\/\" \/>\n<meta property=\"og:locale\" content=\"it_IT\" \/>\n<meta property=\"og:type\" content=\"article\" \/>\n<meta property=\"og:title\" content=\"Nastri Adesivi Innovativi - Magis\" \/>\n<meta property=\"og:description\" content=\"Siamo il maggiore produttore in Europa di nastri adesivi stampati su misura. Le nostre tecnologie sono all&#039;avanguardia e uniche in Italia.\" \/>\n<meta property=\"og:url\" content=\"http:\/\/www.magis.it\/it\/tecnologia\/\" \/>\n<meta property=\"og:site_name\" content=\"MAGIS S.p.A.\" \/>\n<meta property=\"article:modified_time\" content=\"2025-01-14T16:45:35+00:00\" \/>\n<meta name=\"twitter:card\" content=\"summary_large_image\" \/>\n<script type=\"application\/ld+json\" class=\"yoast-schema-graph\">{\"@context\":\"https:\\\/\\\/schema.org\",\"@graph\":[{\"@type\":\"WebPage\",\"@id\":\"http:\\\/\\\/www.magis.it\\\/it\\\/tecnologia\\\/\",\"url\":\"http:\\\/\\\/www.magis.it\\\/it\\\/tecnologia\\\/\",\"name\":\"Nastri Adesivi Innovativi - Magis\",\"isPartOf\":{\"@id\":\"https:\\\/\\\/www.magis.it\\\/it\\\/#website\"},\"datePublished\":\"2023-10-16T08:41:02+00:00\",\"dateModified\":\"2025-01-14T16:45:35+00:00\",\"description\":\"Siamo il maggiore produttore in Europa di nastri adesivi stampati su misura. Le nostre tecnologie sono all'avanguardia e uniche in Italia.\",\"breadcrumb\":{\"@id\":\"http:\\\/\\\/www.magis.it\\\/it\\\/tecnologia\\\/#breadcrumb\"},\"inLanguage\":\"it-IT\",\"potentialAction\":[{\"@type\":\"ReadAction\",\"target\":[\"http:\\\/\\\/www.magis.it\\\/it\\\/tecnologia\\\/\"]}]},{\"@type\":\"BreadcrumbList\",\"@id\":\"http:\\\/\\\/www.magis.it\\\/it\\\/tecnologia\\\/#breadcrumb\",\"itemListElement\":[{\"@type\":\"ListItem\",\"position\":1,\"name\":\"Home\",\"item\":\"https:\\\/\\\/www.magis.it\\\/it\\\/\"},{\"@type\":\"ListItem\",\"position\":2,\"name\":\"Tecnologia\"}]},{\"@type\":\"WebSite\",\"@id\":\"https:\\\/\\\/www.magis.it\\\/it\\\/#website\",\"url\":\"https:\\\/\\\/www.magis.it\\\/it\\\/\",\"name\":\"MAGIS S.p.A.\",\"description\":\"Magis is the leading manufacturer of customized adhesive tapes and closure systems\",\"potentialAction\":[{\"@type\":\"SearchAction\",\"target\":{\"@type\":\"EntryPoint\",\"urlTemplate\":\"https:\\\/\\\/www.magis.it\\\/it\\\/?s={search_term_string}\"},\"query-input\":{\"@type\":\"PropertyValueSpecification\",\"valueRequired\":true,\"valueName\":\"search_term_string\"}}],\"inLanguage\":\"it-IT\"}]}<\/script>\n<!-- \/ Yoast SEO plugin. -->","yoast_head_json":{"title":"Nastri Adesivi Innovativi - Magis","description":"Siamo il maggiore produttore in Europa di nastri adesivi stampati su misura. Le nostre tecnologie sono all'avanguardia e uniche in Italia.","robots":{"index":"index","follow":"follow","max-snippet":"max-snippet:-1","max-image-preview":"max-image-preview:large","max-video-preview":"max-video-preview:-1"},"canonical":"http:\/\/www.magis.it\/it\/tecnologia\/","og_locale":"it_IT","og_type":"article","og_title":"Nastri Adesivi Innovativi - Magis","og_description":"Siamo il maggiore produttore in Europa di nastri adesivi stampati su misura. Le nostre tecnologie sono all'avanguardia e uniche in Italia.","og_url":"http:\/\/www.magis.it\/it\/tecnologia\/","og_site_name":"MAGIS S.p.A.","article_modified_time":"2025-01-14T16:45:35+00:00","twitter_card":"summary_large_image","schema":{"@context":"https:\/\/schema.org","@graph":[{"@type":"WebPage","@id":"http:\/\/www.magis.it\/it\/tecnologia\/","url":"http:\/\/www.magis.it\/it\/tecnologia\/","name":"Nastri Adesivi Innovativi - Magis","isPartOf":{"@id":"https:\/\/www.magis.it\/it\/#website"},"datePublished":"2023-10-16T08:41:02+00:00","dateModified":"2025-01-14T16:45:35+00:00","description":"Siamo il maggiore produttore in Europa di nastri adesivi stampati su misura. Le nostre tecnologie sono all'avanguardia e uniche in Italia.","breadcrumb":{"@id":"http:\/\/www.magis.it\/it\/tecnologia\/#breadcrumb"},"inLanguage":"it-IT","potentialAction":[{"@type":"ReadAction","target":["http:\/\/www.magis.it\/it\/tecnologia\/"]}]},{"@type":"BreadcrumbList","@id":"http:\/\/www.magis.it\/it\/tecnologia\/#breadcrumb","itemListElement":[{"@type":"ListItem","position":1,"name":"Home","item":"https:\/\/www.magis.it\/it\/"},{"@type":"ListItem","position":2,"name":"Tecnologia"}]},{"@type":"WebSite","@id":"https:\/\/www.magis.it\/it\/#website","url":"https:\/\/www.magis.it\/it\/","name":"MAGIS S.p.A.","description":"Magis is the leading manufacturer of customized adhesive tapes and closure systems","potentialAction":[{"@type":"SearchAction","target":{"@type":"EntryPoint","urlTemplate":"https:\/\/www.magis.it\/it\/?s={search_term_string}"},"query-input":{"@type":"PropertyValueSpecification","valueRequired":true,"valueName":"search_term_string"}}],"inLanguage":"it-IT"}]}},"_links":{"self":[{"href":"http:\/\/www.magis.it\/it\/wp-json\/wp\/v2\/pages\/1775","targetHints":{"allow":["GET"]}}],"collection":[{"href":"http:\/\/www.magis.it\/it\/wp-json\/wp\/v2\/pages"}],"about":[{"href":"http:\/\/www.magis.it\/it\/wp-json\/wp\/v2\/types\/page"}],"author":[{"embeddable":true,"href":"http:\/\/www.magis.it\/it\/wp-json\/wp\/v2\/users\/1"}],"replies":[{"embeddable":true,"href":"http:\/\/www.magis.it\/it\/wp-json\/wp\/v2\/comments?post=1775"}],"version-history":[{"count":3,"href":"http:\/\/www.magis.it\/it\/wp-json\/wp\/v2\/pages\/1775\/revisions"}],"predecessor-version":[{"id":4394,"href":"http:\/\/www.magis.it\/it\/wp-json\/wp\/v2\/pages\/1775\/revisions\/4394"}],"wp:attachment":[{"href":"http:\/\/www.magis.it\/it\/wp-json\/wp\/v2\/media?parent=1775"}],"curies":[{"name":"wp","href":"https:\/\/api.w.org\/{rel}","templated":true}]}}