{"id":1785,"date":"2023-07-21T11:45:32","date_gmt":"2023-07-21T09:45:32","guid":{"rendered":"https:\/\/www.magis.it\/politica-qualita\/"},"modified":"2025-05-21T10:21:00","modified_gmt":"2025-05-21T08:21:00","slug":"politica-qualita","status":"publish","type":"page","link":"http:\/\/www.magis.it\/it\/politica-qualita\/","title":{"rendered":"Politica Qualit\u00e0"},"content":{"rendered":"<section  class=\"section-hero-slider\" >\r\n    <div class=\"swiper\">\r\n        <div class=\"swiper-wrapper\">\r\n                                                <div class=\"swiper-slide\">\r\n                        <div class=\"hero-slide small\">\r\n                                                                                        <div class=\"overlay-img d-none d-lg-block\" style=\"background-image: url(http:\/\/www.magis.it\/wp-content\/uploads\/2023\/10\/Schermata-2023-10-16-alle-11.17.28.png);\"><\/div>\r\n                                <div class=\"overlay-img d-block d-lg-none\" style=\"background-image: url('http:\/\/www.magis.it\/wp-content\/uploads\/2023\/10\/Schermata-2023-10-16-alle-11.17.28-991x407.png');\"><\/div>\r\n                                                        <div class=\"overlay-color\"><\/div>\r\n                            <div class=\"container\">\r\n                                <div class=\"row justify-content-center\">\r\n                                    <div class=\"col-12 col-md-8 col-lg-10 col-height position-relative d-flex justify-content-center\">\r\n                                        <div class=\"text-white titlebtn text-center text-lg-start\">\r\n                                            <h1 class=\"title-hero-section-extra-big text-uppercase m-0 mb-lg-30 mb-xl-50 magis-animate magis-animation-slide-up magis-animate-slider\">POLITICA QUALIT\u00c0, AMBIENTE E SICUREZZA<\/h1>\r\n                                                                                    <\/div>\r\n                                        <div class=\"text text-center text-white\">\r\n                                                                                        <p class=\"text-normal-regular m-0 magis-animate magis-animation-slide-up magis-animate-slider magis-animation-delay-100\"><\/p>\r\n                                        <\/div>\r\n                                    <\/div>\r\n                                <\/div>\r\n                            <\/div>\r\n                        <\/div>\r\n                    <\/div>\r\n                  \r\n                    <\/div>\r\n        <div class=\"d-none d-md-block\">\r\n            <div class=\"swiper-btn-next\">\r\n                <img decoding=\"async\" class=\"img-fluid\" src=\"http:\/\/www.magis.it\/wp-content\/themes\/magis\/images\/arrow-white-right.svg\" alt=\"Click\">\r\n            <\/div>\r\n            <div class=\"swiper-btn-prev\">\r\n                <img decoding=\"async\" class=\"img-fluid\" src=\"http:\/\/www.magis.it\/wp-content\/themes\/magis\/images\/arrow-white-left.svg\" alt=\"Click\">\r\n            <\/div>\r\n        <\/div>\r\n            <\/div>\r\n<\/section>\n\n<section  class=\"section-text\" >\r\n    <div class=\"container\">\r\n        <div class=\"row justify-content-center\">\r\n            <div class=\"col col-md-9 magis-animate magis-animation-slide-up\">\r\n                <div class=\"text-secondary text-normal-regular\"><p><strong>Magis Spa<\/strong> \u00e8 specializzata nella produzione di un\u2019ampia gamma di nastri adesivi per imballaggio neutri e personalizzati con stampa del marchio richiesto dalle aziende clienti e di sistemi di chiusura (Side) meccanici ed adesivi per pannolini da neonati e per prodotti per l\u2019incontinenza adulta.<\/p>\n<p>L\u2019azienda, fondata nel 1983, \u00e8 stata una delle prime aziende del settore ad effettuare la spalmatura hot melt su polipropilene e prima in assoluto a sperimentare una forma di stampa protetta tra il supporto plastico e la massa adesiva. L\u2019azienda \u00e8 in continuo sviluppo e grazie all\u2019impegno della Direzione e l\u2019alta specializzazione di tutto il team lavora continuamente per offrire ai Clienti prodotti sempre innovativi rispettosi dell\u2019ambiente, conformi alle diverse normative e specifiche tecniche di riferimento.<\/p>\n<p>Il successo che permette a Magis di essere competitiva sui mercati nazionali ed internazionali, \u00e8 dovuto alla qualit\u00e0 dei propri prodotti, alla disponibilit\u00e0 di tecnologie avanzate, moderne e sicure oltre che all\u2019attenzione che l\u2019azienda pone verso tutte le parti interessate.<\/p>\n<p>Nel tempo, un significativo contributo per il conseguimento dei traguardi aziendali \u00e8 stato assicurato dal Sistema di Gestione Integrato conforme alla norma ISO 9001 e ISO 14001, ritenuto uno strumento idoneo a garantire stabilit\u00e0 e controllo dei processi e degli impatti da essi prodotti.<\/p>\n<p>In un\u2019ottica di crescita della sensibilit\u00e0 di sicurezza e salute sui luoghi di lavoro, la Direzione ha ritenuto opportuno integrare il Sistema di Gestione anche con lo Standard ISO 45001, che offre l\u2019opportunit\u00e0 di dimostrare pubblicamente l\u2019impegno a tenere sotto controllo (e ove possibile, a ridurre) i rischi per la salute e sicurezza dei lavoratori associati alla realizzazione dei propri prodotti.<\/p>\n<p>Magis, inoltre, si \u00e8 dotata di un proprio Codice Etico e di un Modello Organizzativo ai sensi della normativa D.Lgs 231\/01.<\/p>\n<p>Il Sistema di Gestione realizzato consente a Magis di:<\/p>\n<ul>\n<li>assicurare un\u2019attenta gestione e monitoraggio di ogni fase del processo produttivo, affinch\u00e9 i prodotti finiti rispettino gli elevati standard qualitativi definiti dall\u2019Azienda, i requisiti attesi dal cliente e i requisiti cogenti applicabili;<\/li>\n<li>garantire il puntuale rispetto dei tempi di consegna concordati e delle prestazioni di prodotto dichiarate;<\/li>\n<li>dimostrare pubblicamente l\u2019impegno a tenere sotto controllo, e ove possibile, ridurre, gli impatti ambientali associati alle proprie attivit\u00e0;<\/li>\n<li>sostenere e diffondere il concetto di sostenibilit\u00e0 alle aziende che operano per conto dell\u2019azienda e monitorare, per quanto possibile, gli aspetti ambientali e di qualit\u00e0 relativi ai fornitori che risultano significativi.<\/li>\n<li>Valutare i rischi per la salute e sicurezza dei lavoratori e recepirne i risultati nella pratica di gestione e in fase di definizione dei piani di sviluppo aziendale<\/li>\n<\/ul>\n<p>Con la presente Politica intendiamo definire e rendere noto a tutte le parti interessate principi di riferimento ed i fattori che riteniamo fondamentali nella gestione dell\u2019attivit\u00e0, delle tematiche ambientali ad esse connesse e degli aspetti legati alla salute e sicurezza dei lavoratori, ovvero:<\/p>\n<ul>\n<li>la consapevolezza e l\u2019impegno nel mantenere i punti di forza dell\u2019azienda:<\/li>\n<\/ul>\n<p><strong>PROFESSIONALITA&#8217;<\/strong><strong>, COMPETENZA E RESPONSABILITA\u2019<\/strong><\/p>\n<p><strong>CENTRALIT\u00c0 DEL CLIENTE<\/strong><\/p>\n<p><strong>CAPACITA\u2019 DI INNOVAZIONE DEI PRODOTTI E DELLE SOLUZIONI PROPOSTE<\/strong><\/p>\n<p><strong>ATTENZIONE AL CAMBIAMENTO<\/strong><\/p>\n<ul>\n<li>il rispetto di tutti i requisiti cogenti, normativi e regolamentari applicabili in materia ambientale e di salute e sicurezza dei lavoratori;<\/li>\n<li>la promozione tra i lavoratori di un senso di responsabilit\u00e0 nei confronti dell\u2019ambiente, inteso come consapevolezza dei \u201cdanni\u201d o dei \u201cbenefici\u201d in termini ambientali che possono derivare dai processi e dalle modalit\u00e0 operative attuate;<\/li>\n<li>il controllo e la diminuzione, ove possibile, dell\u2019impatto ambientale dell\u2019azienda, mediante una ricerca costante di soluzioni ottimali volte alla riduzione all&#8217;origine delle fonti di inquinamento;<\/li>\n<li>la trasparenza e la chiarezza nella comunicazione con i clienti e con il pubblico, comprese le Autorit\u00e0 e gli Enti di controllo, in particolare per quanto riguarda gli aspetti ambientali associati alle attivit\u00e0, ai prodotti e ai servizi aziendali;<\/li>\n<li>la prevenzione dell\u2019inquinamento con particolare attenzione agli scarichi di acque reflue, alle emissioni atmosferiche, alla produzione di rifiuti, ai consumi energetici, ed all\u2019utilizzo di prodotti pericolosi;<\/li>\n<li>la valutazione degli effetti sull\u2019ambiente delle attivit\u00e0 in corso e di ogni altra nuova attivit\u00e0, prodotto o processo che l&#8217;Azienda intenda realizzare in futuro e dei nuovi beni\/servizi che essa intenda utilizzare;<\/li>\n<li>la costante applicazione delle procedure del sistema di gestione e delle procedure di emergenza per rispondere con prontezza a possibili situazioni di pericolo per gli operatori e per l\u2019ambiente;<\/li>\n<li>la valutazione periodica ed il miglioramento continuo dell\u2019efficacia del Sistema di Gestione per la Qualit\u00e0 e per l\u2019Ambiente;<\/li>\n<li>il monitoraggio, per quanto possibile degli aspetti ambientali relativi ai fornitori significativi;<\/li>\n<li>la promozione, presso i fornitori che operano per conto della Magis, di attivit\u00e0 divulgative mirate ad incrementare la sensibilit\u00e0 degli stessi nei confronti dell\u2019ambiente e della qualit\u00e0.<\/li>\n<li>l\u2019impegno nella prevenzione degli infortuni e delle malattie professionali gestendo al meglio i rischi per la salute e sicurezza presenti durante il processo produttivo anche tramite l\u2019erogazione di specifica formazione ai lavoratori<\/li>\n<li>la ricerca del miglioramento continuo delle proprie prestazioni in termini di Qualit\u00e0, Salute e Sicurezza, Ambiente, mediante definizione e attuazione di specifici obiettivi e traguardi misurabili ed il ricorso, dove possibile, alle migliori tecniche disponibili in particolar modo per la salvaguardia della salute e dell\u2019ambiente<\/li>\n<\/ul>\n<p>&nbsp;<\/p>\n<p>La presente Politica, integrata con i principi suddetti ed appropriata agli scopi dell\u2019organizzazione, risulta comunicata a tutto il personale attraverso la consegna di documentazione che la riproduce oppure attraverso l&#8217;affissione in apposite bacheche. Essa viene inoltre resa disponibile al pubblico garantendone la consultazione alle parti interessate che ne facciano richiesta.<\/p>\n<p>In caso di modifiche significative ed influenti ai fini della qualit\u00e0 e dell\u2019ambiente, la Politica Integrata verr\u00e0 riesaminata ed aggiornata<\/p>\n<p>Cerreto Guidi, l\u00ec 12 Novembre 2024<\/p>\n<\/div>  \r\n            <\/div>\r\n        <\/div>\r\n    <\/div>\r\n<\/section>","protected":false},"excerpt":{"rendered":"","protected":false},"author":1,"featured_media":0,"parent":0,"menu_order":0,"comment_status":"closed","ping_status":"closed","template":"","meta":{"_acf_changed":false,"footnotes":""},"class_list":["post-1785","page","type-page","status-publish","hentry"],"acf":[],"yoast_head":"<!-- This site is optimized with the Yoast SEO plugin v27.4 - https:\/\/yoast.com\/product\/yoast-seo-wordpress\/ -->\n<title>Politica Qualit\u00e0 - MAGIS S.p.A.<\/title>\n<meta name=\"robots\" content=\"index, follow, max-snippet:-1, max-image-preview:large, max-video-preview:-1\" \/>\n<link rel=\"canonical\" href=\"http:\/\/www.magis.it\/it\/politica-qualita\/\" \/>\n<meta property=\"og:locale\" content=\"it_IT\" \/>\n<meta property=\"og:type\" content=\"article\" \/>\n<meta property=\"og:title\" content=\"Politica Qualit\u00e0 - MAGIS S.p.A.\" \/>\n<meta property=\"og:url\" content=\"http:\/\/www.magis.it\/it\/politica-qualita\/\" \/>\n<meta property=\"og:site_name\" content=\"MAGIS S.p.A.\" \/>\n<meta property=\"article:modified_time\" content=\"2025-05-21T08:21:00+00:00\" \/>\n<meta name=\"twitter:card\" content=\"summary_large_image\" \/>\n<script type=\"application\/ld+json\" class=\"yoast-schema-graph\">{\"@context\":\"https:\\\/\\\/schema.org\",\"@graph\":[{\"@type\":\"WebPage\",\"@id\":\"http:\\\/\\\/www.magis.it\\\/it\\\/politica-qualita\\\/\",\"url\":\"http:\\\/\\\/www.magis.it\\\/it\\\/politica-qualita\\\/\",\"name\":\"Politica Qualit\u00e0 - MAGIS S.p.A.\",\"isPartOf\":{\"@id\":\"https:\\\/\\\/www.magis.it\\\/it\\\/#website\"},\"datePublished\":\"2023-07-21T09:45:32+00:00\",\"dateModified\":\"2025-05-21T08:21:00+00:00\",\"breadcrumb\":{\"@id\":\"http:\\\/\\\/www.magis.it\\\/it\\\/politica-qualita\\\/#breadcrumb\"},\"inLanguage\":\"it-IT\",\"potentialAction\":[{\"@type\":\"ReadAction\",\"target\":[\"http:\\\/\\\/www.magis.it\\\/it\\\/politica-qualita\\\/\"]}]},{\"@type\":\"BreadcrumbList\",\"@id\":\"http:\\\/\\\/www.magis.it\\\/it\\\/politica-qualita\\\/#breadcrumb\",\"itemListElement\":[{\"@type\":\"ListItem\",\"position\":1,\"name\":\"Home\",\"item\":\"https:\\\/\\\/www.magis.it\\\/it\\\/\"},{\"@type\":\"ListItem\",\"position\":2,\"name\":\"Politica Qualit\u00e0\"}]},{\"@type\":\"WebSite\",\"@id\":\"https:\\\/\\\/www.magis.it\\\/it\\\/#website\",\"url\":\"https:\\\/\\\/www.magis.it\\\/it\\\/\",\"name\":\"MAGIS S.p.A.\",\"description\":\"Magis is the leading manufacturer of customized adhesive tapes and closure systems\",\"potentialAction\":[{\"@type\":\"SearchAction\",\"target\":{\"@type\":\"EntryPoint\",\"urlTemplate\":\"https:\\\/\\\/www.magis.it\\\/it\\\/?s={search_term_string}\"},\"query-input\":{\"@type\":\"PropertyValueSpecification\",\"valueRequired\":true,\"valueName\":\"search_term_string\"}}],\"inLanguage\":\"it-IT\"}]}<\/script>\n<!-- \/ Yoast SEO plugin. -->","yoast_head_json":{"title":"Politica Qualit\u00e0 - MAGIS S.p.A.","robots":{"index":"index","follow":"follow","max-snippet":"max-snippet:-1","max-image-preview":"max-image-preview:large","max-video-preview":"max-video-preview:-1"},"canonical":"http:\/\/www.magis.it\/it\/politica-qualita\/","og_locale":"it_IT","og_type":"article","og_title":"Politica Qualit\u00e0 - MAGIS S.p.A.","og_url":"http:\/\/www.magis.it\/it\/politica-qualita\/","og_site_name":"MAGIS S.p.A.","article_modified_time":"2025-05-21T08:21:00+00:00","twitter_card":"summary_large_image","schema":{"@context":"https:\/\/schema.org","@graph":[{"@type":"WebPage","@id":"http:\/\/www.magis.it\/it\/politica-qualita\/","url":"http:\/\/www.magis.it\/it\/politica-qualita\/","name":"Politica Qualit\u00e0 - MAGIS S.p.A.","isPartOf":{"@id":"https:\/\/www.magis.it\/it\/#website"},"datePublished":"2023-07-21T09:45:32+00:00","dateModified":"2025-05-21T08:21:00+00:00","breadcrumb":{"@id":"http:\/\/www.magis.it\/it\/politica-qualita\/#breadcrumb"},"inLanguage":"it-IT","potentialAction":[{"@type":"ReadAction","target":["http:\/\/www.magis.it\/it\/politica-qualita\/"]}]},{"@type":"BreadcrumbList","@id":"http:\/\/www.magis.it\/it\/politica-qualita\/#breadcrumb","itemListElement":[{"@type":"ListItem","position":1,"name":"Home","item":"https:\/\/www.magis.it\/it\/"},{"@type":"ListItem","position":2,"name":"Politica Qualit\u00e0"}]},{"@type":"WebSite","@id":"https:\/\/www.magis.it\/it\/#website","url":"https:\/\/www.magis.it\/it\/","name":"MAGIS S.p.A.","description":"Magis is the leading manufacturer of customized adhesive tapes and closure systems","potentialAction":[{"@type":"SearchAction","target":{"@type":"EntryPoint","urlTemplate":"https:\/\/www.magis.it\/it\/?s={search_term_string}"},"query-input":{"@type":"PropertyValueSpecification","valueRequired":true,"valueName":"search_term_string"}}],"inLanguage":"it-IT"}]}},"_links":{"self":[{"href":"http:\/\/www.magis.it\/it\/wp-json\/wp\/v2\/pages\/1785","targetHints":{"allow":["GET"]}}],"collection":[{"href":"http:\/\/www.magis.it\/it\/wp-json\/wp\/v2\/pages"}],"about":[{"href":"http:\/\/www.magis.it\/it\/wp-json\/wp\/v2\/types\/page"}],"author":[{"embeddable":true,"href":"http:\/\/www.magis.it\/it\/wp-json\/wp\/v2\/users\/1"}],"replies":[{"embeddable":true,"href":"http:\/\/www.magis.it\/it\/wp-json\/wp\/v2\/comments?post=1785"}],"version-history":[{"count":2,"href":"http:\/\/www.magis.it\/it\/wp-json\/wp\/v2\/pages\/1785\/revisions"}],"predecessor-version":[{"id":3952,"href":"http:\/\/www.magis.it\/it\/wp-json\/wp\/v2\/pages\/1785\/revisions\/3952"}],"wp:attachment":[{"href":"http:\/\/www.magis.it\/it\/wp-json\/wp\/v2\/media?parent=1785"}],"curies":[{"name":"wp","href":"https:\/\/api.w.org\/{rel}","templated":true}]}}