{"id":1783,"date":"2023-09-18T12:45:59","date_gmt":"2023-09-18T10:45:59","guid":{"rendered":"https:\/\/www.magis.it\/sostenibilita\/"},"modified":"2025-01-14T17:57:39","modified_gmt":"2025-01-14T16:57:39","slug":"sostenibilita","status":"publish","type":"page","link":"https:\/\/www.magis.it\/it\/sostenibilita\/","title":{"rendered":"Sostenibilit\u00e0"},"content":{"rendered":"<section  class=\"section-hero-slider\" >\r\n    <div class=\"swiper\">\r\n        <div class=\"swiper-wrapper\">\r\n                                                <div class=\"swiper-slide\">\r\n                        <div class=\"hero-slide big\">\r\n                                                                                        <div class=\"overlay-video\">\r\n                                    <video autoplay muted loop class=\"d-none d-lg-block\">\r\n                                        <source src=\"https:\/\/www.magis.it\/wp-content\/uploads\/2024\/06\/Magis-suostenibilita\u0300.mp4\" type=\"video\/mp4\">\r\n                                    <\/video>\r\n                                    <div class=\"overlay-img d-block d-lg-none\" style=\"background-image: url('https:\/\/www.magis.it\/wp-content\/uploads\/2023\/09\/img_sustainability-991x676.png');\"><\/div>\r\n                                <\/div>\r\n                                                        <div class=\"overlay-color\"><\/div>\r\n                            <div class=\"container\">\r\n                                <div class=\"row justify-content-center\">\r\n                                    <div class=\"col-12 col-md-8 col-lg-10 col-height position-relative d-flex justify-content-center\">\r\n                                        <div class=\"text-white titlebtn text-center text-lg-start\">\r\n                                            <h1 class=\"title-hero-section-extra-big text-uppercase m-0 mb-lg-30 mb-xl-50 magis-animate magis-animation-slide-up magis-animate-slider\">#SUSTAINABILITY MATTERS<\/h1>\r\n                                                                                    <\/div>\r\n                                        <div class=\"text text-center text-white\">\r\n                                                                                        <p class=\"text-normal-regular m-0 magis-animate magis-animation-slide-up magis-animate-slider magis-animation-delay-100\">La filosofia aziendale di Magis \u00e8 basata sul rispetto dell&#8217;ambiente. <\/p>\r\n                                        <\/div>\r\n                                    <\/div>\r\n                                <\/div>\r\n                            <\/div>\r\n                        <\/div>\r\n                    <\/div>\r\n                  \r\n                    <\/div>\r\n        <div class=\"d-none d-md-block\">\r\n            <div class=\"swiper-btn-next\">\r\n                <img decoding=\"async\" class=\"img-fluid\" src=\"https:\/\/www.magis.it\/wp-content\/themes\/magis\/images\/arrow-white-right.svg\" alt=\"Click\">\r\n            <\/div>\r\n            <div class=\"swiper-btn-prev\">\r\n                <img decoding=\"async\" class=\"img-fluid\" src=\"https:\/\/www.magis.it\/wp-content\/themes\/magis\/images\/arrow-white-left.svg\" alt=\"Click\">\r\n            <\/div>\r\n        <\/div>\r\n            <\/div>\r\n<\/section>\n\n<section  class=\"section-text-scroll bg-primary magis-animate magis-animation-slide-up\" >\r\n    <div class=\"marquee-section\">\r\n        <h2 class=\"text-scroll text-white marquee m-0\">IL PERCORSO VERSO UN FUTURO PI\u00d9 SOSTENIBILE \u00c8 TRACCIATO IL PERCORSO VERSO UN FUTURO PI\u00d9 SOSTENIBILE \u00c8 TRACCIATO<\/h2>\r\n        <h2 class=\"text-scroll text-white marquee marquee2 m-0\">IL PERCORSO VERSO UN FUTURO PI\u00d9 SOSTENIBILE \u00c8 TRACCIATO IL PERCORSO VERSO UN FUTURO PI\u00d9 SOSTENIBILE \u00c8 TRACCIATO<\/h2>\r\n    <\/div>\r\n<\/section>\n\n<section  class=\"section-title-text bg-white\" >\r\n    <div class=\"container\">\r\n        <div class=\"row justify-content-center\">\r\n            <div class=\"col col-md-9\">\r\n                                <div class=\"text-center\">\r\n                    <h1 class=\"title-section-small text-secondary magis-animate magis-animation-slide-up\">Con i nostri nastri adesivi ecologici, creiamo il futuro salvaguardando il presente.<\/h2>\r\n                    <div class=\"mt-40 text-normal-regular text-dark magis-animate magis-animation-slide-up magis-animation-delay-50\"><p>Da oltre 40 anni, Magis \u00e8 leader nella produzione di nastri adesivi, con un forte focus sulla responsabilit\u00e0 ambientale. L\u2019offerta di nastri adesivi ecologici, realizzati con materiali riciclati e certificati FSC<strong>, contribuisce a ridurre l&#8217;impatto ambientale e promuovere verso i clienti pratiche di imballaggio sostenibili<\/strong>.<\/p>\n<p>Magis \u00e8 attenta ai temi ESG e ben posizionata per beneficiare dell\u2019orientamento del settore verso soluzioni sostenibili, tra cui i <strong>nastri adesivi eco-sostenibili<\/strong> e altamente performanti realizzati dal <a href=\"https:\/\/www.magis.it\/it\/tapes\/ecohit19\/\">riciclo di bottiglie di plastica (ecoHIT19)<\/a> o nastri adesivi con supporto <a href=\"https:\/\/www.magis.it\/it\/tapes\/kh80\/\">in carta 100% riciclata<\/a><u> (KH80)<\/u>.<\/p>\n<p>Nell\u2019ambito dell\u2019orientamento alla sostenibilit\u00e0 ambientale, Magis nel 2021 ha acquistato un nuovo <strong>impianto di recupero dei solventi<\/strong> e un postcombustore per abbattere le emissioni in atmosfera da cui produce numerosi prodotti riciclati e riciclabili e su cui ha istallato un impianto fotovoltaico in via di potenziamento. In tema di certificazioni ambientali, Magis dispone delle principali attestazioni, tra cui l\u2019Autorizzazione A.I.A (autorizzazione integrata ambientale), la <strong>certificazione FSC<\/strong> e la <strong>certificazione ambientale 14001<\/strong>.<\/p>\n<\/div>\r\n                <\/div>\r\n            <\/div>\r\n        <\/div>\r\n    <\/div>\r\n<\/section>\n\n<section  class=\"section-images\" >\r\n    <div class=\"container\">\r\n        <div class=\"row\">\r\n                                                                                <div class=\"col-12  col-lg-8 mb-25 magis-animate magis-animation-slide-up magis-animation-delay-100\">\r\n                        <img decoding=\"async\" src=\"https:\/\/www.magis.it\/wp-content\/uploads\/2023\/09\/MAgis_Drone_29.jpg\" alt=\"\" class=\"img-fluid\">\r\n                    <\/div>\r\n\r\n                                                        <div class=\"col-12  col-lg-4 mb-25 magis-animate magis-animation-slide-up magis-animation-delay-150\">\r\n                        <img decoding=\"async\" src=\"https:\/\/www.magis.it\/wp-content\/uploads\/2023\/09\/IMG_4472.jpg\" alt=\"\" class=\"img-fluid\">\r\n                    <\/div>\r\n\r\n                                                        <div class=\"col-12  col-lg-6 mb-25 magis-animate magis-animation-slide-up magis-animation-delay-200\">\r\n                        <img decoding=\"async\" src=\"https:\/\/www.magis.it\/wp-content\/uploads\/2023\/10\/sustainability-nastri.jpeg\" alt=\"\" class=\"img-fluid\">\r\n                    <\/div>\r\n\r\n                                                        <div class=\"col-12  col-lg-6 mb-25 magis-animate magis-animation-slide-up magis-animation-delay-250\">\r\n                        <img decoding=\"async\" src=\"https:\/\/www.magis.it\/wp-content\/uploads\/2023\/09\/macchinario.jpg\" alt=\"\" class=\"img-fluid\">\r\n                    <\/div>\r\n\r\n                                    <\/div>\r\n    <\/div>\r\n<\/section>\n\n<section  class=\"section-title-text-2\" >\r\n    <div class=\"container\">\r\n        <div class=\"row\">\r\n            <div class=\"col-12 col-lg-4 text-center text-lg-start mb-30 mb-lg-0\">\r\n                <p class=\"eyelet text-primary magis-animate magis-animation-slide-up\">Community &amp;<br> connessione<\/p>\r\n            <\/div>\r\n            <div class=\"col-12 col-lg-8\">\r\n                <div class=\"text-normal-regular text-dark mb-40 magis-animate magis-animation-slide-up magis-animation-delay-50\">\r\n                    <p>Nel corso degli anni, Magis ha sviluppato un\u2019intensa attivit\u00e0 in ambito sociale e tessuto una fitta rete di connessioni con il proprio territorio, dimostrando un forte impegno attraverso donazioni a ospedali e fondazioni benefiche, sostenendo con entusiasmo societ\u00e0 sportive locali e collaborando attivamente con la prestigiosa Scuola di Scienze Aziendali di Firenze; tutte iniziative volte a nutrire la comunit\u00e0 circostante con la stessa passione e dedizione che animano la produzione dei propri prodotti.<\/p>\n                <\/div>\r\n                <div class=\"text-center text-lg-start magis-animate magis-animation-slide-up magis-animation-delay-100\">\r\n                                                                            <\/div>\r\n            <\/div>\r\n        <\/div>\r\n    <\/div>\r\n<\/section>\n\n<section  class=\"section-question bg-primary\" >\r\n   <div class=\"container\">\r\n        <div class=\"row justify-content-center text-center\">\r\n            <div class=\"col-10\">\r\n                <h1 class=\"title-section-small text-white magis-animate magis-animation-slide-up\">Hai qualche domanda?<\/h1>\r\n                <p class=\"title-min-regular text-white magis-animate magis-animation-slide-up magis-animation-delay-50\">Siamo qua per aiutarti!<\/p>\r\n                <div class=\"magis-animate magis-animation-slide-up magis-animation-delay-100\">\r\n                    \n<div class=\"wpcf7 no-js\" id=\"wpcf7-f628-o1\" lang=\"en-US\" dir=\"ltr\" data-wpcf7-id=\"628\">\n<div class=\"screen-reader-response\"><p role=\"status\" aria-live=\"polite\" aria-atomic=\"true\"><\/p> <ul><\/ul><\/div>\n<form action=\"\/it\/wp-json\/wp\/v2\/pages\/1783#wpcf7-f628-o1\" method=\"post\" class=\"wpcf7-form init\" aria-label=\"Contact form\" novalidate=\"novalidate\" data-status=\"init\">\n<fieldset class=\"hidden-fields-container\"><input type=\"hidden\" name=\"_wpcf7\" value=\"628\" \/><input type=\"hidden\" name=\"_wpcf7_version\" value=\"6.1.5\" \/><input type=\"hidden\" name=\"_wpcf7_locale\" value=\"en_US\" \/><input type=\"hidden\" name=\"_wpcf7_unit_tag\" value=\"wpcf7-f628-o1\" \/><input type=\"hidden\" name=\"_wpcf7_container_post\" value=\"0\" \/><input type=\"hidden\" name=\"_wpcf7_posted_data_hash\" value=\"\" \/>\n<\/fieldset>\n<div class=\"contact-form text-start text-white\">\n<label form=\"name\" class=\"form-label\">Name<\/label><span class=\"wpcf7-form-control-wrap\" data-name=\"your-name\"><input size=\"40\" maxlength=\"400\" class=\"wpcf7-form-control wpcf7-text wpcf7-validates-as-required form-control mb-20\" id=\"name\" aria-required=\"true\" aria-invalid=\"false\" value=\"\" type=\"text\" name=\"your-name\" \/><\/span>\n<label form=\"company\" class=\"form-label\">Company<\/label><span class=\"wpcf7-form-control-wrap\" data-name=\"your-company\"><input size=\"40\" maxlength=\"400\" class=\"wpcf7-form-control wpcf7-text wpcf7-validates-as-required form-control mb-20\" id=\"company\" aria-required=\"true\" aria-invalid=\"false\" value=\"\" type=\"text\" name=\"your-company\" \/><\/span>\n<label form=\"type\" class=\"form-label\">Type<\/label><span class=\"wpcf7-form-control-wrap\" data-name=\"your-type\"><input size=\"40\" maxlength=\"400\" class=\"wpcf7-form-control wpcf7-text wpcf7-validates-as-required form-control mb-20\" id=\"type\" aria-required=\"true\" aria-invalid=\"false\" placeholder=\"Client\" value=\"\" type=\"text\" name=\"your-type\" \/><\/span>\n<label form=\"email\" class=\"form-label\">Email<\/label><span class=\"wpcf7-form-control-wrap\" data-name=\"your-email\"><input size=\"40\" maxlength=\"400\" class=\"wpcf7-form-control wpcf7-email wpcf7-validates-as-required wpcf7-text wpcf7-validates-as-email form-control mb-20\" id=\"email\" aria-required=\"true\" aria-invalid=\"false\" placeholder=\"mariorossi@gmail.com\" value=\"\" type=\"email\" name=\"your-email\" \/><\/span>\n<label form=\"tel\" class=\"form-label\">Phone<\/label><span class=\"wpcf7-form-control-wrap\" data-name=\"your-tel\"><input size=\"40\" maxlength=\"400\" class=\"wpcf7-form-control wpcf7-tel wpcf7-validates-as-required wpcf7-text wpcf7-validates-as-tel form-control mb-20\" id=\"tel\" aria-required=\"true\" aria-invalid=\"false\" value=\"\" type=\"tel\" name=\"your-tel\" \/><\/span>\n<label form=\"message\" class=\"form-label\">Message<\/label><span class=\"wpcf7-form-control-wrap\" data-name=\"your-message\"><textarea cols=\"40\" rows=\"10\" maxlength=\"2000\" class=\"wpcf7-form-control wpcf7-textarea wpcf7-validates-as-required form-control mb-20\" id=\"message\" aria-required=\"true\" aria-invalid=\"false\" name=\"your-message\">Your message &#8230;<\/textarea><\/span>\n<span class=\"wpcf7-form-control-wrap\" data-name=\"your-consent\"><span class=\"wpcf7-form-control wpcf7-acceptance\"><span class=\"wpcf7-list-item\"><label><input type=\"checkbox\" name=\"your-consent\" value=\"1\" class=\"form-check-input mb-20\" id=\"privacy-check\" aria-invalid=\"false\" \/><span class=\"wpcf7-list-item-label\"><label class=\"form-check-label\" for=\"privacy-check\"><a href=\"https:\/\/www.magis.it\/wp-content\/uploads\/2024\/08\/Magis_-Privacy-policy.pdf\" target=\"_blank\" class=\"ms-5 text-white\">Privacy policy<\/a><\/label><\/span><\/label><\/span><\/span><\/span>\n<div class=\"text-center\"><input class=\"wpcf7-form-control wpcf7-submit has-spinner btn btn-sm bg-secondary text-white\" type=\"submit\" value=\"Send your request\" \/><\/div>\n<\/div><div class=\"wpcf7-response-output\" aria-hidden=\"true\"><\/div>\n<\/form>\n<\/div>\n                <\/div>\r\n            <\/div>\r\n        <\/div>\r\n   <\/div>\r\n<\/section>","protected":false},"excerpt":{"rendered":"","protected":false},"author":1,"featured_media":0,"parent":0,"menu_order":0,"comment_status":"closed","ping_status":"closed","template":"","meta":{"_acf_changed":false,"footnotes":""},"class_list":["post-1783","page","type-page","status-publish","hentry"],"acf":[],"yoast_head":"<!-- This site is optimized with the Yoast SEO plugin v27.4 - https:\/\/yoast.com\/product\/yoast-seo-wordpress\/ -->\n<title>Nastri Eco-Sostenibili e Responsabilit\u00e0 Ambientale - Magis<\/title>\n<meta name=\"description\" content=\"I nostri nastri adesivi ecologici contribuiscono a ridurre l&#039;impatto ambientale e promuovere verso i clienti pratiche di imballaggio sostenibili.\" \/>\n<meta name=\"robots\" content=\"index, follow, max-snippet:-1, max-image-preview:large, max-video-preview:-1\" \/>\n<link rel=\"canonical\" href=\"https:\/\/www.magis.it\/it\/sostenibilita\/\" \/>\n<meta property=\"og:locale\" content=\"it_IT\" \/>\n<meta property=\"og:type\" content=\"article\" \/>\n<meta property=\"og:title\" content=\"Nastri Eco-Sostenibili e Responsabilit\u00e0 Ambientale - Magis\" \/>\n<meta property=\"og:description\" content=\"I nostri nastri adesivi ecologici contribuiscono a ridurre l&#039;impatto ambientale e promuovere verso i clienti pratiche di imballaggio sostenibili.\" \/>\n<meta property=\"og:url\" content=\"https:\/\/www.magis.it\/it\/sostenibilita\/\" \/>\n<meta property=\"og:site_name\" content=\"MAGIS S.p.A.\" \/>\n<meta property=\"article:modified_time\" content=\"2025-01-14T16:57:39+00:00\" \/>\n<meta name=\"twitter:card\" content=\"summary_large_image\" \/>\n<script type=\"application\/ld+json\" class=\"yoast-schema-graph\">{\"@context\":\"https:\\\/\\\/schema.org\",\"@graph\":[{\"@type\":\"WebPage\",\"@id\":\"https:\\\/\\\/www.magis.it\\\/it\\\/sostenibilita\\\/\",\"url\":\"https:\\\/\\\/www.magis.it\\\/it\\\/sostenibilita\\\/\",\"name\":\"Nastri Eco-Sostenibili e Responsabilit\u00e0 Ambientale - Magis\",\"isPartOf\":{\"@id\":\"https:\\\/\\\/www.magis.it\\\/it\\\/#website\"},\"datePublished\":\"2023-09-18T10:45:59+00:00\",\"dateModified\":\"2025-01-14T16:57:39+00:00\",\"description\":\"I nostri nastri adesivi ecologici contribuiscono a ridurre l'impatto ambientale e promuovere verso i clienti pratiche di imballaggio sostenibili.\",\"breadcrumb\":{\"@id\":\"https:\\\/\\\/www.magis.it\\\/it\\\/sostenibilita\\\/#breadcrumb\"},\"inLanguage\":\"it-IT\",\"potentialAction\":[{\"@type\":\"ReadAction\",\"target\":[\"https:\\\/\\\/www.magis.it\\\/it\\\/sostenibilita\\\/\"]}]},{\"@type\":\"BreadcrumbList\",\"@id\":\"https:\\\/\\\/www.magis.it\\\/it\\\/sostenibilita\\\/#breadcrumb\",\"itemListElement\":[{\"@type\":\"ListItem\",\"position\":1,\"name\":\"Home\",\"item\":\"https:\\\/\\\/www.magis.it\\\/it\\\/\"},{\"@type\":\"ListItem\",\"position\":2,\"name\":\"Sostenibilit\u00e0\"}]},{\"@type\":\"WebSite\",\"@id\":\"https:\\\/\\\/www.magis.it\\\/it\\\/#website\",\"url\":\"https:\\\/\\\/www.magis.it\\\/it\\\/\",\"name\":\"MAGIS S.p.A.\",\"description\":\"Magis is the leading manufacturer of customized adhesive tapes and closure systems\",\"potentialAction\":[{\"@type\":\"SearchAction\",\"target\":{\"@type\":\"EntryPoint\",\"urlTemplate\":\"https:\\\/\\\/www.magis.it\\\/it\\\/?s={search_term_string}\"},\"query-input\":{\"@type\":\"PropertyValueSpecification\",\"valueRequired\":true,\"valueName\":\"search_term_string\"}}],\"inLanguage\":\"it-IT\"}]}<\/script>\n<!-- \/ Yoast SEO plugin. -->","yoast_head_json":{"title":"Nastri Eco-Sostenibili e Responsabilit\u00e0 Ambientale - Magis","description":"I nostri nastri adesivi ecologici contribuiscono a ridurre l'impatto ambientale e promuovere verso i clienti pratiche di imballaggio sostenibili.","robots":{"index":"index","follow":"follow","max-snippet":"max-snippet:-1","max-image-preview":"max-image-preview:large","max-video-preview":"max-video-preview:-1"},"canonical":"https:\/\/www.magis.it\/it\/sostenibilita\/","og_locale":"it_IT","og_type":"article","og_title":"Nastri Eco-Sostenibili e Responsabilit\u00e0 Ambientale - Magis","og_description":"I nostri nastri adesivi ecologici contribuiscono a ridurre l'impatto ambientale e promuovere verso i clienti pratiche di imballaggio sostenibili.","og_url":"https:\/\/www.magis.it\/it\/sostenibilita\/","og_site_name":"MAGIS S.p.A.","article_modified_time":"2025-01-14T16:57:39+00:00","twitter_card":"summary_large_image","schema":{"@context":"https:\/\/schema.org","@graph":[{"@type":"WebPage","@id":"https:\/\/www.magis.it\/it\/sostenibilita\/","url":"https:\/\/www.magis.it\/it\/sostenibilita\/","name":"Nastri Eco-Sostenibili e Responsabilit\u00e0 Ambientale - Magis","isPartOf":{"@id":"https:\/\/www.magis.it\/it\/#website"},"datePublished":"2023-09-18T10:45:59+00:00","dateModified":"2025-01-14T16:57:39+00:00","description":"I nostri nastri adesivi ecologici contribuiscono a ridurre l'impatto ambientale e promuovere verso i clienti pratiche di imballaggio sostenibili.","breadcrumb":{"@id":"https:\/\/www.magis.it\/it\/sostenibilita\/#breadcrumb"},"inLanguage":"it-IT","potentialAction":[{"@type":"ReadAction","target":["https:\/\/www.magis.it\/it\/sostenibilita\/"]}]},{"@type":"BreadcrumbList","@id":"https:\/\/www.magis.it\/it\/sostenibilita\/#breadcrumb","itemListElement":[{"@type":"ListItem","position":1,"name":"Home","item":"https:\/\/www.magis.it\/it\/"},{"@type":"ListItem","position":2,"name":"Sostenibilit\u00e0"}]},{"@type":"WebSite","@id":"https:\/\/www.magis.it\/it\/#website","url":"https:\/\/www.magis.it\/it\/","name":"MAGIS S.p.A.","description":"Magis is the leading manufacturer of customized adhesive tapes and closure systems","potentialAction":[{"@type":"SearchAction","target":{"@type":"EntryPoint","urlTemplate":"https:\/\/www.magis.it\/it\/?s={search_term_string}"},"query-input":{"@type":"PropertyValueSpecification","valueRequired":true,"valueName":"search_term_string"}}],"inLanguage":"it-IT"}]}},"_links":{"self":[{"href":"https:\/\/www.magis.it\/it\/wp-json\/wp\/v2\/pages\/1783","targetHints":{"allow":["GET"]}}],"collection":[{"href":"https:\/\/www.magis.it\/it\/wp-json\/wp\/v2\/pages"}],"about":[{"href":"https:\/\/www.magis.it\/it\/wp-json\/wp\/v2\/types\/page"}],"author":[{"embeddable":true,"href":"https:\/\/www.magis.it\/it\/wp-json\/wp\/v2\/users\/1"}],"replies":[{"embeddable":true,"href":"https:\/\/www.magis.it\/it\/wp-json\/wp\/v2\/comments?post=1783"}],"version-history":[{"count":3,"href":"https:\/\/www.magis.it\/it\/wp-json\/wp\/v2\/pages\/1783\/revisions"}],"predecessor-version":[{"id":3167,"href":"https:\/\/www.magis.it\/it\/wp-json\/wp\/v2\/pages\/1783\/revisions\/3167"}],"wp:attachment":[{"href":"https:\/\/www.magis.it\/it\/wp-json\/wp\/v2\/media?parent=1783"}],"curies":[{"name":"wp","href":"https:\/\/api.w.org\/{rel}","templated":true}]}}